{"id":8768,"date":"2020-12-28T11:06:23","date_gmt":"2020-12-28T10:06:23","guid":{"rendered":"https:\/\/www.generalpacking.com\/prodotti\/sin categor\u00eda\/euroseal-chemseal\/"},"modified":"2020-12-28T11:06:23","modified_gmt":"2020-12-28T10:06:23","slug":"euroseal-chemseal","status":"publish","type":"product","link":"https:\/\/www.generalpacking.com\/es\/prodotti\/planchas-juntas-cortadas\/caucho-ptfe\/euroseal-chemseal\/","title":{"rendered":"EUROSEAL\u00ae Chemseal"},"content":{"rendered":"<h2>Descripci\u00f3n<\/h2>\n<p>La forma particular de la secci\u00f3n reduce el \u00e1rea de contacto entre la junta y las bridas (lo que requiere una carga de apriete inferior al 75% aproximadamente). Ideal para la industria qu\u00edmica, farmac\u00e9utica, alimentaria, de semiconductores y donde haya bridas esmaltadas, pl\u00e1sticas, de fibra de vidrio y no met\u00e1licas en general.<\/p>\n","protected":false},"excerpt":{"rendered":"<h2>Juntas in EPDM y PTFE<\/h2>\n<ul>\n<li>Elevada resistencia qu\u00edmica<\/li>\n<li>M\u00e1xima estanqueidad con bajas cargas de apriete<\/li>\n<li>Resistente a los rayos ultravioleta<\/li>\n<li>Elasticidad asegurada por la parte interna de EPDM<\/li>\n<\/ul>\n","protected":false},"featured_media":3031,"template":"","meta":{"site-sidebar-layout":"default","site-content-layout":"default","ast-site-content-layout":"default","site-content-style":"default","site-sidebar-style":"default","ast-global-header-display":"","ast-banner-title-visibility":"","ast-main-header-display":"","ast-hfb-above-header-display":"","ast-hfb-below-header-display":"","ast-hfb-mobile-header-display":"","site-post-title":"","ast-breadcrumbs-content":"","ast-featured-img":"","footer-sml-layout":"","ast-disable-related-posts":"","theme-transparent-header-meta":"default","adv-header-id-meta":"","stick-header-meta":"default","header-above-stick-meta":"","header-main-stick-meta":"","header-below-stick-meta":"","astra-migrate-meta-layouts":"default","ast-page-background-enabled":"default","ast-page-background-meta":{"desktop":{"background-color":"","background-image":"","background-repeat":"repeat","background-position":"center center","background-size":"auto","background-attachment":"scroll","background-type":"","background-media":"","overlay-type":"","overlay-color":"","overlay-opacity":"","overlay-gradient":""},"tablet":{"background-color":"","background-image":"","background-repeat":"repeat","background-position":"center center","background-size":"auto","background-attachment":"scroll","background-type":"","background-media":"","overlay-type":"","overlay-color":"","overlay-opacity":"","overlay-gradient":""},"mobile":{"background-color":"","background-image":"","background-repeat":"repeat","background-position":"center center","background-size":"auto","background-attachment":"scroll","background-type":"","background-media":"","overlay-type":"","overlay-color":"","overlay-opacity":"","overlay-gradient":""}},"ast-content-background-meta":{"desktop":{"background-color":"var(--ast-global-color-5)","background-image":"","background-repeat":"repeat","background-position":"center center","background-size":"auto","background-attachment":"scroll","background-type":"","background-media":"","overlay-type":"","overlay-color":"","overlay-opacity":"","overlay-gradient":""},"tablet":{"background-color":"var(--ast-global-color-5)","background-image":"","background-repeat":"repeat","background-position":"center center","background-size":"auto","background-attachment":"scroll","background-type":"","background-media":"","overlay-type":"","overlay-color":"","overlay-opacity":"","overlay-gradient":""},"mobile":{"background-color":"var(--ast-global-color-5)","background-image":"","background-repeat":"repeat","background-position":"center center","background-size":"auto","background-attachment":"scroll","background-type":"","background-media":"","overlay-type":"","overlay-color":"","overlay-opacity":"","overlay-gradient":""}}},"product_brand":[],"product_cat":[165],"product_tag":[162],"class_list":{"0":"post-8768","1":"product","2":"type-product","3":"status-publish","4":"has-post-thumbnail","6":"product_cat-caucho-ptfe","7":"product_tag-euroseal-es","8":"desktop-align-left","9":"tablet-align-left","10":"mobile-align-left","11":"ast-product-gallery-layout-horizontal","12":"ast-product-gallery-with-no-image","13":"ast-product-tabs-layout-vertical","15":"first","16":"instock","17":"shipping-taxable","18":"product-type-simple"},"yoast_head":"<!-- This site is optimized with the Yoast SEO plugin v26.5 - https:\/\/yoast.com\/wordpress\/plugins\/seo\/ -->\n<title>EUROSEAL\u00ae Chemseal | General Packing Italy SpA<\/title>\n<meta name=\"description\" content=\"Guarnizioni in gomma e PTFE ideali per impianti chimici, farmaceutici, alimentari e per l\u2019industria dei semiconduttori.\" \/>\n<meta name=\"robots\" content=\"index, follow, max-snippet:-1, max-image-preview:large, max-video-preview:-1\" \/>\n<link rel=\"canonical\" href=\"https:\/\/www.generalpacking.com\/es\/prodotti\/planchas-juntas-cortadas\/caucho-ptfe\/euroseal-chemseal\/\" \/>\n<meta property=\"og:locale\" content=\"es_ES\" \/>\n<meta property=\"og:type\" content=\"article\" \/>\n<meta property=\"og:title\" content=\"EUROSEAL\u00ae Chemseal | General Packing Italy SpA\" \/>\n<meta property=\"og:description\" content=\"Guarnizioni in gomma e PTFE ideali per impianti chimici, farmaceutici, alimentari e per l\u2019industria dei semiconduttori.\" \/>\n<meta property=\"og:url\" content=\"https:\/\/www.generalpacking.com\/es\/prodotti\/planchas-juntas-cortadas\/caucho-ptfe\/euroseal-chemseal\/\" \/>\n<meta property=\"og:site_name\" content=\"General Packing Italy SpA\" \/>\n<meta property=\"og:image\" content=\"https:\/\/www.generalpacking.com\/wp-content\/uploads\/2020\/12\/euroseal-Chemseal.webp\" \/>\n\t<meta property=\"og:image:width\" content=\"600\" \/>\n\t<meta property=\"og:image:height\" content=\"400\" \/>\n\t<meta property=\"og:image:type\" content=\"image\/jpeg\" \/>\n<meta name=\"twitter:card\" content=\"summary_large_image\" \/>\n<script type=\"application\/ld+json\" class=\"yoast-schema-graph\">{\"@context\":\"https:\/\/schema.org\",\"@graph\":[{\"@type\":\"WebPage\",\"@id\":\"https:\/\/www.generalpacking.com\/es\/prodotti\/planchas-juntas-cortadas\/caucho-ptfe\/euroseal-chemseal\/\",\"url\":\"https:\/\/www.generalpacking.com\/es\/prodotti\/planchas-juntas-cortadas\/caucho-ptfe\/euroseal-chemseal\/\",\"name\":\"EUROSEAL\u00ae Chemseal | General Packing Italy SpA\",\"isPartOf\":{\"@id\":\"https:\/\/www.generalpacking.com\/#website\"},\"primaryImageOfPage\":{\"@id\":\"https:\/\/www.generalpacking.com\/es\/prodotti\/planchas-juntas-cortadas\/caucho-ptfe\/euroseal-chemseal\/#primaryimage\"},\"image\":{\"@id\":\"https:\/\/www.generalpacking.com\/es\/prodotti\/planchas-juntas-cortadas\/caucho-ptfe\/euroseal-chemseal\/#primaryimage\"},\"thumbnailUrl\":\"https:\/\/www.generalpacking.com\/wp-content\/uploads\/2020\/12\/euroseal-Chemseal.webp\",\"datePublished\":\"2020-12-28T10:06:23+00:00\",\"description\":\"Guarnizioni in gomma e PTFE ideali per impianti chimici, farmaceutici, alimentari e per l\u2019industria dei semiconduttori.\",\"breadcrumb\":{\"@id\":\"https:\/\/www.generalpacking.com\/es\/prodotti\/planchas-juntas-cortadas\/caucho-ptfe\/euroseal-chemseal\/#breadcrumb\"},\"inLanguage\":\"es\",\"potentialAction\":[{\"@type\":\"ReadAction\",\"target\":[\"https:\/\/www.generalpacking.com\/es\/prodotti\/planchas-juntas-cortadas\/caucho-ptfe\/euroseal-chemseal\/\"]}]},{\"@type\":\"ImageObject\",\"inLanguage\":\"es\",\"@id\":\"https:\/\/www.generalpacking.com\/es\/prodotti\/planchas-juntas-cortadas\/caucho-ptfe\/euroseal-chemseal\/#primaryimage\",\"url\":\"https:\/\/www.generalpacking.com\/wp-content\/uploads\/2020\/12\/euroseal-Chemseal.webp\",\"contentUrl\":\"https:\/\/www.generalpacking.com\/wp-content\/uploads\/2020\/12\/euroseal-Chemseal.webp\",\"width\":600,\"height\":400,\"caption\":\"euroseal Chemseal\"},{\"@type\":\"BreadcrumbList\",\"@id\":\"https:\/\/www.generalpacking.com\/es\/prodotti\/planchas-juntas-cortadas\/caucho-ptfe\/euroseal-chemseal\/#breadcrumb\",\"itemListElement\":[{\"@type\":\"ListItem\",\"position\":1,\"name\":\"Home\",\"item\":\"https:\/\/www.generalpacking.com\/\"},{\"@type\":\"ListItem\",\"position\":2,\"name\":\"Prodotti\",\"item\":\"https:\/\/www.generalpacking.com\/prodotti\/\"},{\"@type\":\"ListItem\",\"position\":3,\"name\":\"EUROSEAL\u00ae Chemseal\"}]},{\"@type\":\"WebSite\",\"@id\":\"https:\/\/www.generalpacking.com\/#website\",\"url\":\"https:\/\/www.generalpacking.com\/\",\"name\":\"General Packing Italy SpA\",\"description\":\"Guarnizioni per l'industria\",\"publisher\":{\"@id\":\"https:\/\/www.generalpacking.com\/#organization\"},\"potentialAction\":[{\"@type\":\"SearchAction\",\"target\":{\"@type\":\"EntryPoint\",\"urlTemplate\":\"https:\/\/www.generalpacking.com\/?s={search_term_string}\"},\"query-input\":{\"@type\":\"PropertyValueSpecification\",\"valueRequired\":true,\"valueName\":\"search_term_string\"}}],\"inLanguage\":\"es\"},{\"@type\":\"Organization\",\"@id\":\"https:\/\/www.generalpacking.com\/#organization\",\"name\":\"General Packing Italy S.p.A.\",\"url\":\"https:\/\/www.generalpacking.com\/\",\"logo\":{\"@type\":\"ImageObject\",\"inLanguage\":\"es\",\"@id\":\"https:\/\/www.generalpacking.com\/#\/schema\/logo\/image\/\",\"url\":\"https:\/\/www.generalpacking.com\/wp-content\/uploads\/2020\/11\/General-Packing-logo.png\",\"contentUrl\":\"https:\/\/www.generalpacking.com\/wp-content\/uploads\/2020\/11\/General-Packing-logo.png\",\"width\":393,\"height\":120,\"caption\":\"General Packing Italy S.p.A.\"},\"image\":{\"@id\":\"https:\/\/www.generalpacking.com\/#\/schema\/logo\/image\/\"},\"sameAs\":[\"https:\/\/www.linkedin.com\/company\/general-packing-italy-spa\/\"]}]}<\/script>\n<!-- \/ Yoast SEO plugin. -->","yoast_head_json":{"title":"EUROSEAL\u00ae Chemseal | General Packing Italy SpA","description":"Guarnizioni in gomma e PTFE ideali per impianti chimici, farmaceutici, alimentari e per l\u2019industria dei semiconduttori.","robots":{"index":"index","follow":"follow","max-snippet":"max-snippet:-1","max-image-preview":"max-image-preview:large","max-video-preview":"max-video-preview:-1"},"canonical":"https:\/\/www.generalpacking.com\/es\/prodotti\/planchas-juntas-cortadas\/caucho-ptfe\/euroseal-chemseal\/","og_locale":"es_ES","og_type":"article","og_title":"EUROSEAL\u00ae Chemseal | General Packing Italy SpA","og_description":"Guarnizioni in gomma e PTFE ideali per impianti chimici, farmaceutici, alimentari e per l\u2019industria dei semiconduttori.","og_url":"https:\/\/www.generalpacking.com\/es\/prodotti\/planchas-juntas-cortadas\/caucho-ptfe\/euroseal-chemseal\/","og_site_name":"General Packing Italy SpA","og_image":[{"width":600,"height":400,"url":"https:\/\/www.generalpacking.com\/wp-content\/uploads\/2020\/12\/euroseal-Chemseal.webp","type":"image\/jpeg"}],"twitter_card":"summary_large_image","schema":{"@context":"https:\/\/schema.org","@graph":[{"@type":"WebPage","@id":"https:\/\/www.generalpacking.com\/es\/prodotti\/planchas-juntas-cortadas\/caucho-ptfe\/euroseal-chemseal\/","url":"https:\/\/www.generalpacking.com\/es\/prodotti\/planchas-juntas-cortadas\/caucho-ptfe\/euroseal-chemseal\/","name":"EUROSEAL\u00ae Chemseal | General Packing Italy SpA","isPartOf":{"@id":"https:\/\/www.generalpacking.com\/#website"},"primaryImageOfPage":{"@id":"https:\/\/www.generalpacking.com\/es\/prodotti\/planchas-juntas-cortadas\/caucho-ptfe\/euroseal-chemseal\/#primaryimage"},"image":{"@id":"https:\/\/www.generalpacking.com\/es\/prodotti\/planchas-juntas-cortadas\/caucho-ptfe\/euroseal-chemseal\/#primaryimage"},"thumbnailUrl":"https:\/\/www.generalpacking.com\/wp-content\/uploads\/2020\/12\/euroseal-Chemseal.webp","datePublished":"2020-12-28T10:06:23+00:00","description":"Guarnizioni in gomma e PTFE ideali per impianti chimici, farmaceutici, alimentari e per l\u2019industria dei semiconduttori.","breadcrumb":{"@id":"https:\/\/www.generalpacking.com\/es\/prodotti\/planchas-juntas-cortadas\/caucho-ptfe\/euroseal-chemseal\/#breadcrumb"},"inLanguage":"es","potentialAction":[{"@type":"ReadAction","target":["https:\/\/www.generalpacking.com\/es\/prodotti\/planchas-juntas-cortadas\/caucho-ptfe\/euroseal-chemseal\/"]}]},{"@type":"ImageObject","inLanguage":"es","@id":"https:\/\/www.generalpacking.com\/es\/prodotti\/planchas-juntas-cortadas\/caucho-ptfe\/euroseal-chemseal\/#primaryimage","url":"https:\/\/www.generalpacking.com\/wp-content\/uploads\/2020\/12\/euroseal-Chemseal.webp","contentUrl":"https:\/\/www.generalpacking.com\/wp-content\/uploads\/2020\/12\/euroseal-Chemseal.webp","width":600,"height":400,"caption":"euroseal Chemseal"},{"@type":"BreadcrumbList","@id":"https:\/\/www.generalpacking.com\/es\/prodotti\/planchas-juntas-cortadas\/caucho-ptfe\/euroseal-chemseal\/#breadcrumb","itemListElement":[{"@type":"ListItem","position":1,"name":"Home","item":"https:\/\/www.generalpacking.com\/"},{"@type":"ListItem","position":2,"name":"Prodotti","item":"https:\/\/www.generalpacking.com\/prodotti\/"},{"@type":"ListItem","position":3,"name":"EUROSEAL\u00ae Chemseal"}]},{"@type":"WebSite","@id":"https:\/\/www.generalpacking.com\/#website","url":"https:\/\/www.generalpacking.com\/","name":"General Packing Italy SpA","description":"Guarnizioni per l'industria","publisher":{"@id":"https:\/\/www.generalpacking.com\/#organization"},"potentialAction":[{"@type":"SearchAction","target":{"@type":"EntryPoint","urlTemplate":"https:\/\/www.generalpacking.com\/?s={search_term_string}"},"query-input":{"@type":"PropertyValueSpecification","valueRequired":true,"valueName":"search_term_string"}}],"inLanguage":"es"},{"@type":"Organization","@id":"https:\/\/www.generalpacking.com\/#organization","name":"General Packing Italy S.p.A.","url":"https:\/\/www.generalpacking.com\/","logo":{"@type":"ImageObject","inLanguage":"es","@id":"https:\/\/www.generalpacking.com\/#\/schema\/logo\/image\/","url":"https:\/\/www.generalpacking.com\/wp-content\/uploads\/2020\/11\/General-Packing-logo.png","contentUrl":"https:\/\/www.generalpacking.com\/wp-content\/uploads\/2020\/11\/General-Packing-logo.png","width":393,"height":120,"caption":"General Packing Italy S.p.A."},"image":{"@id":"https:\/\/www.generalpacking.com\/#\/schema\/logo\/image\/"},"sameAs":["https:\/\/www.linkedin.com\/company\/general-packing-italy-spa\/"]}]}},"_links":{"self":[{"href":"https:\/\/www.generalpacking.com\/es\/wp-json\/wp\/v2\/product\/8768","targetHints":{"allow":["GET"]}}],"collection":[{"href":"https:\/\/www.generalpacking.com\/es\/wp-json\/wp\/v2\/product"}],"about":[{"href":"https:\/\/www.generalpacking.com\/es\/wp-json\/wp\/v2\/types\/product"}],"version-history":[{"count":0,"href":"https:\/\/www.generalpacking.com\/es\/wp-json\/wp\/v2\/product\/8768\/revisions"}],"wp:featuredmedia":[{"embeddable":true,"href":"https:\/\/www.generalpacking.com\/es\/wp-json\/wp\/v2\/media\/3031"}],"wp:attachment":[{"href":"https:\/\/www.generalpacking.com\/es\/wp-json\/wp\/v2\/media?parent=8768"}],"wp:term":[{"taxonomy":"product_brand","embeddable":true,"href":"https:\/\/www.generalpacking.com\/es\/wp-json\/wp\/v2\/product_brand?post=8768"},{"taxonomy":"product_cat","embeddable":true,"href":"https:\/\/www.generalpacking.com\/es\/wp-json\/wp\/v2\/product_cat?post=8768"},{"taxonomy":"product_tag","embeddable":true,"href":"https:\/\/www.generalpacking.com\/es\/wp-json\/wp\/v2\/product_tag?post=8768"}],"curies":[{"name":"wp","href":"https:\/\/api.w.org\/{rel}","templated":true}]}}